{"id":3031,"date":"2022-05-03T16:26:27","date_gmt":"2022-05-03T15:26:27","guid":{"rendered":"https:\/\/amberyadvisors.com\/our-spas\/"},"modified":"2024-04-17T13:21:07","modified_gmt":"2024-04-17T12:21:07","slug":"our-spas","status":"publish","type":"page","link":"https:\/\/amberyadvisors.com\/en\/our-spas\/","title":{"rendered":"Our Spas"},"content":{"rendered":"<div id='av_section_1'  class='avia-section main_color avia-section-default avia-no-border-styling  avia-full-stretch av-section-color-overlay-active avia-bg-style-scroll  avia-builder-el-0  el_before_av_section  avia-builder-el-first   av-small-hide av-mini-hide av-minimum-height av-minimum-height-100  container_wrap fullsize' style='background-repeat: no-repeat; background-image: url(https:\/\/amberyadvisors.com\/wp-content\/uploads\/2022\/04\/spas-ambery-advisors.jpg);background-attachment: scroll; background-position: center center;  '  data-section-bg-repeat='stretch' data-av_minimum_height_pc='100'><div class='av-section-color-overlay-wrap'><div class='av-section-color-overlay' style='opacity: 0.3; background-color: #000000; '><\/div><div class='container' ><main  role=\"main\" itemprop=\"mainContentOfPage\"  class='template-page content  av-content-full alpha units'><div class='post-entry post-entry-type-page post-entry-3031'><div class='entry-content-wrapper clearfix'>\n<div  style='padding-bottom:10px; color:#ffffff;font-size:120px;' class='av-special-heading av-special-heading-h6 custom-color-heading blockquote modern-quote modern-centered  avia-builder-el-1  avia-builder-el-no-sibling  av-inherit-size '><h6 class='av-special-heading-tag '  itemprop=\"headline\"  >our SPAs<\/h6><div class='special-heading-border'><div class='special-heading-inner-border' style='border-color:#ffffff'><\/div><\/div><\/div>\n\n<\/div><\/div><\/main><!-- close content main element --><\/div><\/div><\/div><div id='av_section_2'  class='avia-section main_color avia-section-default avia-no-border-styling  avia-full-stretch av-section-color-overlay-active avia-bg-style-scroll  avia-builder-el-2  el_after_av_section  el_before_av_section   av-desktop-hide av-medium-hide av-minimum-height av-minimum-height-100  container_wrap fullsize' style='background-repeat: no-repeat; background-image: url(https:\/\/amberyadvisors.com\/wp-content\/uploads\/2022\/04\/spas-ambery-advisors-mobile.jpg);background-attachment: scroll; background-position: center center;  '  data-section-bg-repeat='stretch' data-av_minimum_height_pc='100'><div class='av-section-color-overlay-wrap'><div class='av-section-color-overlay' style='opacity: 0.3; background-color: #000000; '><\/div><div class='container' ><div class='template-page content  av-content-full alpha units'><div class='post-entry post-entry-type-page post-entry-3031'><div class='entry-content-wrapper clearfix'>\n<div  style='padding-bottom:10px; color:#ffffff;font-size:120px;' class='av-special-heading av-special-heading-h6 custom-color-heading blockquote modern-quote modern-centered  avia-builder-el-3  avia-builder-el-no-sibling  av-inherit-size '><h6 class='av-special-heading-tag '  itemprop=\"headline\"  >our SPAs<\/h6><div class='special-heading-border'><div class='special-heading-inner-border' style='border-color:#ffffff'><\/div><\/div><\/div>\n\n<\/div><\/div><\/div><!-- close content main div --><\/div><\/div><\/div><div id='av_section_3'  class='avia-section main_color avia-section-huge avia-no-border-styling  avia-bg-style-scroll  avia-builder-el-4  el_after_av_section  avia-builder-el-last  section-mobiliario-spa  container_wrap fullsize' style='background-color: #fafafa; background-repeat: no-repeat; background-image: url(https:\/\/amberyadvisors.com\/wp-content\/uploads\/2020\/12\/linhas-contato-ambery-spa-advisors.png);background-attachment: scroll; background-position: top right;  '  data-section-bg-repeat='no-repeat'><div class='container' ><div class='template-page content  av-content-full alpha units'><div class='post-entry post-entry-type-page post-entry-3031'><div class='entry-content-wrapper clearfix'>\n<div  class='avia-image-container  av-styling-    avia-builder-el-5  el_before_av_hr  avia-builder-el-first  avia-align-center '  itemprop=\"image\" itemscope=\"itemscope\" itemtype=\"https:\/\/schema.org\/ImageObject\"  ><div class='avia-image-container-inner'><div class='avia-image-overlay-wrap'><img class='wp-image-2965 avia-img-lazy-loading-not-2965 avia_image' src=\"https:\/\/amberyadvisors.com\/wp-content\/uploads\/2022\/04\/logo-ambery-spa-1.png\" alt='logo ambery spas' title='logo-ambery-spa' height=\"64\" width=\"250\"  itemprop=\"thumbnailUrl\"  \/><\/div><\/div><\/div>\n<div  style='height:50px' class='hr hr-invisible   avia-builder-el-6  el_after_av_image  el_before_av_one_half '><span class='hr-inner ' ><span class='hr-inner-style'><\/span><\/span><\/div>\n<div class=\"flex_column av_one_half  flex_column_div av-zero-column-padding first  avia-builder-el-7  el_after_av_hr  el_before_av_one_half  \" style='border-radius:0px; '><section class=\"av_textblock_section \"  itemscope=\"itemscope\" itemtype=\"https:\/\/schema.org\/CreativeWork\" ><div class='avia_textblock  '   itemprop=\"text\" ><p>Discover the Ambery Spa management system and leave this valuable asset of your hotel in the care of experts. In line with the philosophy and concept of each hotel, the management of Ambery Spas is carried out in complete harmony with the enterprise in which it is inserted.<\/p>\n<p>Our presence in the day-to-day of the operation gives our partners the fundamental security and tranquility to entrust us with the management of this valuable hotel asset, increasingly relevant to guests, who are looking for remarkable experiences in addition to outstanding facilities.<\/p>\n<\/div><\/section><\/div><div class=\"flex_column av_one_half  flex_column_div av-zero-column-padding   avia-builder-el-9  el_after_av_one_half  el_before_av_one_third  \" style='border-radius:0px; '><section class=\"av_textblock_section \"  itemscope=\"itemscope\" itemtype=\"https:\/\/schema.org\/CreativeWork\" ><div class='avia_textblock  '   itemprop=\"text\" ><p>The excellence and distinction that we have in the Spa services, added to the products of excellence, exclusive protocols and highly trained professionals, give our Spa management system an ideal model, by offering the <em>hotel board<\/em> the tranquility and security that the Spa will meet, with sustainability and profitability, the expectations of its most demanding guests.<\/p>\n<\/div><\/section><\/div><div class=\"flex_column av_one_third  flex_column_div av-zero-column-padding first  avia-builder-el-11  el_after_av_one_half  el_before_av_one_third  cln-pg-mobiilario-spa column-top-margin\" style='border-radius:0px; '><p><div  class='avia-image-container  av-styling-  noHover  av-overlay-hover-deactivate   avia-builder-el-12  el_before_av_button  avia-builder-el-first  avia-align-center '  itemprop=\"image\" itemscope=\"itemscope\" itemtype=\"https:\/\/schema.org\/ImageObject\"  ><div class='avia-image-container-inner'><div class='avia-image-overlay-wrap'><div class='av-image-caption-overlay'><div class='av-caption-image-overlay-bg' style='opacity:0.4; background-color:#000000; '><\/div><div class='av-image-caption-overlay-position'><div class='av-image-caption-overlay-center' style='color:#ffffff; font-size:32px; '><p>Ambery Eurostars Aliados<\/p>\n<\/div><\/div><\/div><img class='wp-image-2785 avia-img-lazy-loading-not-2785 avia_image' src=\"https:\/\/amberyadvisors.com\/wp-content\/uploads\/2022\/04\/spa-ambery-advisors-aliados.jpg\" alt='Marquesas de massagem' title='spa-ambery-advisors-aliados' height=\"400\" width=\"400\"  itemprop=\"thumbnailUrl\"  \/><\/div><\/div><\/div><br \/>\n<div  class='avia-button-wrap avia-button-center  avia-builder-el-13  el_after_av_image  avia-builder-el-last  botao-ver-mais' ><a href='https:\/\/amberyadvisors.com\/en\/ambery-eurostars-aliados\/'  class='avia-button   avia-icon_select-no avia-size-large avia-position-center '  style='background-color:#514b33; border-color:#514b33; color:#ffffff; ' ><span class='avia_iconbox_title' >FInd out<\/span><\/a><\/div><\/p><\/div><div class=\"flex_column av_one_third  flex_column_div av-zero-column-padding   avia-builder-el-14  el_after_av_one_third  el_before_av_one_third  cln-pg-mobiilario-spa invalid-custom-class-found column-top-margin\" style='border-radius:0px; '><p><div  class='avia-image-container  av-styling-  noHover  av-overlay-hover-deactivate   avia-builder-el-15  el_before_av_button  avia-builder-el-first  avia-align-center '  itemprop=\"image\" itemscope=\"itemscope\" itemtype=\"https:\/\/schema.org\/ImageObject\"  ><div class='avia-image-container-inner'><div class='avia-image-overlay-wrap'><div class='av-image-caption-overlay'><div class='av-caption-image-overlay-bg' style='opacity:0.4; background-color:#000000; '><\/div><div class='av-image-caption-overlay-position'><div class='av-image-caption-overlay-center' style='color:#ffffff; font-size:32px; '><p>Ambery Aurea Lisboa<\/p>\n<\/div><\/div><\/div><img class='wp-image-3205 avia-img-lazy-loading-not-3205 avia_image' src=\"https:\/\/amberyadvisors.com\/wp-content\/uploads\/2022\/11\/Museum-Piscina-quadrada.jpg\" alt='' title='Museum Piscina quadrada' height=\"1193\" width=\"1232\"  itemprop=\"thumbnailUrl\"  \/><\/div><\/div><\/div><br \/>\n<div  class='avia-button-wrap avia-button-center  avia-builder-el-16  el_after_av_image  avia-builder-el-last  botao-ver-mais' ><a href='https:\/\/amberyadvisors.com\/en\/ambery-spa-aurea-museum-2\/'  class='avia-button   avia-icon_select-no avia-size-large avia-position-center '  style='background-color:#514b33; border-color:#514b33; color:#ffffff; ' ><span class='avia_iconbox_title' >FInd out<\/span><\/a><\/div><\/p><\/div><div class=\"flex_column av_one_third  flex_column_div av-zero-column-padding   avia-builder-el-17  el_after_av_one_third  el_before_av_one_third  cln-pg-mobiilario-spa invalid-custom-class-found column-top-margin\" style='border-radius:0px; '><p><div  class='avia-image-container  av-styling-  noHover  av-overlay-hover-deactivate   avia-builder-el-18  el_before_av_button  avia-builder-el-first  avia-align-center '  itemprop=\"image\" itemscope=\"itemscope\" itemtype=\"https:\/\/schema.org\/ImageObject\"  ><div class='avia-image-container-inner'><div class='avia-image-overlay-wrap'><div class='av-image-caption-overlay'><div class='av-caption-image-overlay-bg' style='opacity:0.4; background-color:#000000; '><\/div><div class='av-image-caption-overlay-position'><div class='av-image-caption-overlay-center' style='color:#ffffff; font-size:32px; '><p>Ambery Letras Lisboa<\/p>\n<\/div><\/div><\/div><img class='wp-image-3582 avia-img-lazy-loading-not-3582 avia_image' src=\"https:\/\/amberyadvisors.com\/wp-content\/uploads\/2024\/04\/Letras.png\" alt='' title='Letras' height=\"1080\" width=\"1080\"  itemprop=\"thumbnailUrl\"  \/><\/div><\/div><\/div><br \/>\n<div  class='avia-button-wrap avia-button-center  avia-builder-el-19  el_after_av_image  avia-builder-el-last  botao-ver-mais' ><a href='https:\/\/amberyadvisors.com\/en\/ambery-eurostars-das-letras\/'  class='avia-button   avia-icon_select-no avia-size-large avia-position-center '  style='background-color:#514b33; border-color:#514b33; color:#ffffff; ' ><span class='avia_iconbox_title' >FInd out<\/span><\/a><\/div><\/p><\/div><div class=\"flex_column av_one_third  flex_column_div av-zero-column-padding first  avia-builder-el-20  el_after_av_one_third  el_before_av_one_third  cln-pg-mobiilario-spa invalid-custom-class-found column-top-margin\" style='border-radius:0px; '><p><div  class='avia-image-container  av-styling-  noHover  av-overlay-hover-deactivate   avia-builder-el-21  el_before_av_button  avia-builder-el-first  avia-align-center '  itemprop=\"image\" itemscope=\"itemscope\" itemtype=\"https:\/\/schema.org\/ImageObject\"  ><div class='avia-image-container-inner'><div class='avia-image-overlay-wrap'><div class='av-image-caption-overlay'><div class='av-caption-image-overlay-bg' style='opacity:0.4; background-color:#000000; '><\/div><div class='av-image-caption-overlay-position'><div class='av-image-caption-overlay-center' style='color:#ffffff; font-size:32px; '><p>Ambery Eurostars Matosinhos<\/p>\n<\/div><\/div><\/div><img class='wp-image-2787 avia-img-lazy-loading-not-2787 avia_image' src=\"https:\/\/amberyadvisors.com\/wp-content\/uploads\/2022\/04\/spa-ambery-advisors-matosinhos.jpg\" alt='Balc\u00e3o de recep\u00e7\u00e3o' title='spa-ambery-advisors-matosinhos' height=\"400\" width=\"400\"  itemprop=\"thumbnailUrl\"  \/><\/div><\/div><\/div><br \/>\n<div  class='avia-button-wrap avia-button-center  avia-builder-el-22  el_after_av_image  avia-builder-el-last  botao-ver-mais' ><a href='https:\/\/amberyadvisors.com\/en\/ambery-eurostars-matosinhos\/'  class='avia-button   avia-icon_select-no avia-size-large avia-position-center '  style='background-color:#514b33; border-color:#514b33; color:#ffffff; ' ><span class='avia_iconbox_title' >FInd out<\/span><\/a><\/div><\/p><\/div><div class=\"flex_column av_one_third  flex_column_div av-zero-column-padding   avia-builder-el-23  el_after_av_one_third  el_before_av_one_third  cln-pg-mobiilario-spa invalid-custom-class-found column-top-margin\" style='border-radius:0px; '><p><div  class='avia-image-container  av-styling-  noHover  av-overlay-hover-deactivate   avia-builder-el-24  el_before_av_button  avia-builder-el-first  avia-align-center '  itemprop=\"image\" itemscope=\"itemscope\" itemtype=\"https:\/\/schema.org\/ImageObject\"  ><div class='avia-image-container-inner'><div class='avia-image-overlay-wrap'><div class='av-image-caption-overlay'><div class='av-caption-image-overlay-bg' style='opacity:0.4; background-color:#000000; '><\/div><div class='av-image-caption-overlay-position'><div class='av-image-caption-overlay-center' style='color:#ffffff; font-size:32px; '><p>Ambery Eurostars Porto Douro<\/p>\n<\/div><\/div><\/div><img class='wp-image-2783 avia-img-lazy-loading-not-2783 avia_image' src=\"https:\/\/amberyadvisors.com\/wp-content\/uploads\/2022\/04\/spa-ambery-advisors-porto-douro.jpg\" alt='avenida \u00e0 beira de um rio em dia ensolarado' title='spa-ambery-advisors-porto-douro' height=\"400\" width=\"400\"  itemprop=\"thumbnailUrl\"  \/><\/div><\/div><\/div><br \/>\n<div  class='avia-button-wrap avia-button-center  avia-builder-el-25  el_after_av_image  avia-builder-el-last  botao-ver-mais' ><a href='https:\/\/amberyadvisors.com\/en\/ambery-eurostars-porto-douro-2\/'  class='avia-button   avia-icon_select-no avia-size-large avia-position-center '  style='background-color:#514b33; border-color:#514b33; color:#ffffff; ' ><span class='avia_iconbox_title' >FInd out<\/span><\/a><\/div><\/p><\/div><div class=\"flex_column av_one_third  flex_column_div av-zero-column-padding   avia-builder-el-26  el_after_av_one_third  el_before_av_one_third  cln-pg-mobiilario-spa invalid-custom-class-found column-top-margin\" style='border-radius:0px; '><p><div  class='avia-image-container  av-styling-  noHover  av-overlay-hover-deactivate   avia-builder-el-27  el_before_av_button  avia-builder-el-first  avia-align-center '  itemprop=\"image\" itemscope=\"itemscope\" itemtype=\"https:\/\/schema.org\/ImageObject\"  ><div class='avia-image-container-inner'><div class='avia-image-overlay-wrap'><div class='av-image-caption-overlay'><div class='av-caption-image-overlay-bg' style='opacity:0.4; background-color:#000000; '><\/div><div class='av-image-caption-overlay-position'><div class='av-image-caption-overlay-center' style='color:#ffffff; font-size:32px; '><p>Meridian Breeze Praia Golfe<\/p>\n<\/div><\/div><\/div><img class='wp-image-3066 avia-img-lazy-loading-not-3066 avia_image' src=\"https:\/\/amberyadvisors.com\/wp-content\/uploads\/2022\/11\/hotel-praiagolfe-3.jpg\" alt='' title='hotel-praiagolfe (3' height=\"768\" width=\"768\"  itemprop=\"thumbnailUrl\"  \/><\/div><\/div><\/div><br \/>\n<div  class='avia-button-wrap avia-button-center  avia-builder-el-28  el_after_av_image  avia-builder-el-last  botao-ver-mais' ><a href='https:\/\/amberyadvisors.com\/en\/ambery-eurostars-porto-douro\/'  class='avia-button   avia-icon_select-no avia-size-large avia-position-center '  style='background-color:#514b33; border-color:#514b33; color:#ffffff; ' ><span class='avia_iconbox_title' >FInd out<\/span><\/a><\/div><\/p><\/div><div class=\"flex_column av_one_third  flex_column_div av-zero-column-padding first  avia-builder-el-29  el_after_av_one_third  avia-builder-el-last  cln-pg-mobiilario-spa invalid-custom-class-found column-top-margin\" style='border-radius:0px; '><p><div  class='avia-image-container  av-styling-  noHover  av-overlay-hover-deactivate   avia-builder-el-30  el_before_av_button  avia-builder-el-first  avia-align-center '  itemprop=\"image\" itemscope=\"itemscope\" itemtype=\"https:\/\/schema.org\/ImageObject\"  ><div class='avia-image-container-inner'><div class='avia-image-overlay-wrap'><div class='av-image-caption-overlay'><div class='av-caption-image-overlay-bg' style='opacity:0.4; background-color:#000000; '><\/div><div class='av-image-caption-overlay-position'><div class='av-image-caption-overlay-center' style='color:#ffffff; font-size:32px; '><p>Ambery Santa Luzia Guimar\u00e3es<\/p>\n<\/div><\/div><\/div><img class='wp-image-3197 avia-img-lazy-loading-not-3197 avia_image' src=\"https:\/\/amberyadvisors.com\/wp-content\/uploads\/2022\/11\/NSS_3085.jpg\" alt='' title='NSS_3085' height=\"554\" width=\"554\"  itemprop=\"thumbnailUrl\"  \/><\/div><\/div><\/div><br \/>\n<div  class='avia-button-wrap avia-button-center  avia-builder-el-31  el_after_av_image  avia-builder-el-last  botao-ver-mais' ><a href='https:\/\/amberyadvisors.com\/en\/ambery-eurostars-santa-luzia\/'  class='avia-button   avia-icon_select-no avia-size-large avia-position-center '  style='background-color:#514b33; border-color:#514b33; color:#ffffff; ' ><span class='avia_iconbox_title' >FInd out<\/span><\/a><\/div><\/p><\/div>\n","protected":false},"excerpt":{"rendered":"","protected":false},"author":1,"featured_media":0,"parent":0,"menu_order":0,"comment_status":"closed","ping_status":"closed","template":"","meta":[],"_links":{"self":[{"href":"https:\/\/amberyadvisors.com\/en\/wp-json\/wp\/v2\/pages\/3031"}],"collection":[{"href":"https:\/\/amberyadvisors.com\/en\/wp-json\/wp\/v2\/pages"}],"about":[{"href":"https:\/\/amberyadvisors.com\/en\/wp-json\/wp\/v2\/types\/page"}],"author":[{"embeddable":true,"href":"https:\/\/amberyadvisors.com\/en\/wp-json\/wp\/v2\/users\/1"}],"replies":[{"embeddable":true,"href":"https:\/\/amberyadvisors.com\/en\/wp-json\/wp\/v2\/comments?post=3031"}],"version-history":[{"count":11,"href":"https:\/\/amberyadvisors.com\/en\/wp-json\/wp\/v2\/pages\/3031\/revisions"}],"predecessor-version":[{"id":3735,"href":"https:\/\/amberyadvisors.com\/en\/wp-json\/wp\/v2\/pages\/3031\/revisions\/3735"}],"wp:attachment":[{"href":"https:\/\/amberyadvisors.com\/en\/wp-json\/wp\/v2\/media?parent=3031"}],"curies":[{"name":"wp","href":"https:\/\/api.w.org\/{rel}","templated":true}]}}