{"id":909,"date":"2021-01-09T14:26:13","date_gmt":"2021-01-09T17:26:13","guid":{"rendered":"https:\/\/amberyadvisors.com\/spa-creation\/"},"modified":"2021-01-10T11:21:37","modified_gmt":"2021-01-10T14:21:37","slug":"spa-creation","status":"publish","type":"page","link":"https:\/\/amberyadvisors.com\/en\/spa-creation\/","title":{"rendered":"SPA Creation"},"content":{"rendered":"<div id='av_section_1'  class='avia-section main_color avia-section-default avia-no-border-styling  avia-full-stretch av-section-color-overlay-active avia-bg-style-scroll  avia-builder-el-0  el_before_av_section  avia-builder-el-first   av-small-hide av-mini-hide av-minimum-height av-minimum-height-100  container_wrap fullsize' style='background-repeat: no-repeat; background-image: url(https:\/\/amberyadvisors.com\/wp-content\/uploads\/2020\/12\/criacao-de-spas-ambery-advisors.jpg);background-attachment: scroll; background-position: center center;  '  data-section-bg-repeat='stretch' data-av_minimum_height_pc='100'><div class='av-section-color-overlay-wrap'><div class='av-section-color-overlay' style='opacity: 0.3; background-color: #000000; '><\/div><div class='container' ><main  role=\"main\" itemprop=\"mainContentOfPage\"  class='template-page content  av-content-full alpha units'><div class='post-entry post-entry-type-page post-entry-909'><div class='entry-content-wrapper clearfix'>\n<div  style='padding-bottom:10px; color:#ffffff;font-size:120px;' class='av-special-heading av-special-heading-h6 custom-color-heading blockquote modern-quote modern-centered  avia-builder-el-1  avia-builder-el-no-sibling  av-inherit-size '><h6 class='av-special-heading-tag '  itemprop=\"headline\"  >SPA creation<\/h6><div class='special-heading-border'><div class='special-heading-inner-border' style='border-color:#ffffff'><\/div><\/div><\/div>\n\n<\/div><\/div><\/main><!-- close content main element --><\/div><\/div><\/div><div id='av_section_2'  class='avia-section main_color avia-section-default avia-no-border-styling  avia-full-stretch av-section-color-overlay-active avia-bg-style-scroll  avia-builder-el-2  el_after_av_section  el_before_av_section   av-desktop-hide av-medium-hide av-minimum-height av-minimum-height-100  container_wrap fullsize' style='background-repeat: no-repeat; background-image: url(https:\/\/amberyadvisors.com\/wp-content\/uploads\/2020\/12\/criacao-de-spas-ambery-advisors-mob.jpg);background-attachment: scroll; background-position: center center;  '  data-section-bg-repeat='stretch' data-av_minimum_height_pc='100'><div class='av-section-color-overlay-wrap'><div class='av-section-color-overlay' style='opacity: 0.3; background-color: #000000; '><\/div><div class='container' ><div class='template-page content  av-content-full alpha units'><div class='post-entry post-entry-type-page post-entry-909'><div class='entry-content-wrapper clearfix'>\n<div  style='padding-bottom:10px; color:#ffffff;font-size:120px;' class='av-special-heading av-special-heading-h6 custom-color-heading blockquote modern-quote modern-centered  avia-builder-el-3  avia-builder-el-no-sibling  av-inherit-size '><h6 class='av-special-heading-tag '  itemprop=\"headline\"  >SPA creation<\/h6><div class='special-heading-border'><div class='special-heading-inner-border' style='border-color:#ffffff'><\/div><\/div><\/div>\n\n<\/div><\/div><\/div><!-- close content main div --><\/div><\/div><\/div><div id='av_section_3'  class='avia-section main_color avia-section-default avia-no-border-styling  avia-bg-style-scroll  avia-builder-el-4  el_after_av_section  el_before_av_section  section-criacao-spa  container_wrap fullsize' style='background-color: #fcfcfc;  '  ><div class='container' ><div class='template-page content  av-content-full alpha units'><div class='post-entry post-entry-type-page post-entry-909'><div class='entry-content-wrapper clearfix'>\n<div  class='avia-image-container  av-styling-    avia-builder-el-5  el_before_av_one_fifth  avia-builder-el-first  avia-align-center '  itemprop=\"image\" itemscope=\"itemscope\" itemtype=\"https:\/\/schema.org\/ImageObject\"  ><div class='avia-image-container-inner'><div class='avia-image-overlay-wrap'><img class='wp-image-124 avia-img-lazy-loading-not-124 avia_image' src=\"https:\/\/amberyadvisors.com\/wp-content\/uploads\/2020\/12\/amber-drop-ambery-spa-advisors.png\" alt='Logomarca Ambery Advisors' title='Ambery Advisors' height=\"77\" width=\"54\"  itemprop=\"thumbnailUrl\"  \/><\/div><\/div><\/div>\n<div class=\"flex_column av_one_fifth  flex_column_div av-zero-column-padding first  avia-builder-el-6  el_after_av_image  el_before_av_three_fifth  \" style='border-radius:0px; '><\/div><div class=\"flex_column av_three_fifth  flex_column_div av-zero-column-padding   avia-builder-el-7  el_after_av_one_fifth  el_before_av_one_fifth  \" style='border-radius:0px; '><section class=\"av_textblock_section \"  itemscope=\"itemscope\" itemtype=\"https:\/\/schema.org\/CreativeWork\" ><div class='avia_textblock   av-medium-font-size-overwrite av-medium-font-size-24 av-small-font-size-overwrite av-small-font-size-24 av-mini-font-size-overwrite av-mini-font-size-20'  style='font-size:24px; '  itemprop=\"text\" ><p style=\"text-align: center; font-family: Philosopher;\"><span style=\"color: #440803;\">The SPA market is one of the most promising in the world, with excellent growth projection for the coming years, due to the great demand of the population for wellness and health services.<\/span><\/p>\n<\/div><\/section><\/div><div class=\"flex_column av_one_fifth  flex_column_div av-zero-column-padding   avia-builder-el-9  el_after_av_three_fifth  el_before_av_one_half  \" style='border-radius:0px; '><\/div><div class=\"flex_column av_one_half  flex_column_div av-zero-column-padding first  avia-builder-el-10  el_after_av_one_fifth  el_before_av_one_half  column-top-margin\" style='border-radius:0px; '><section class=\"av_textblock_section \"  itemscope=\"itemscope\" itemtype=\"https:\/\/schema.org\/CreativeWork\" ><div class='avia_textblock  '   itemprop=\"text\" ><p>In conjunction with the identification of our clients&#8217; objectives and priorities, a detailed diagnosis of the project&#8217;s location, property characteristics and compatibility with the defined target is essential.<\/p>\n<p>The whole set of possibilities and strengths captured will outline the definition of the concept, design, menu, and positioning of the enterprise.<\/p>\n<\/div><\/section><\/div><div class=\"flex_column av_one_half  flex_column_div av-zero-column-padding   avia-builder-el-12  el_after_av_one_half  avia-builder-el-last  column-top-margin\" style='border-radius:0px; '><section class=\"av_textblock_section \"  itemscope=\"itemscope\" itemtype=\"https:\/\/schema.org\/CreativeWork\" ><div class='avia_textblock  '   itemprop=\"text\" ><p>These elements will also serve as the basis for a more coherent budget estimate for the development of an exclusive project, which is profitable and meets the established objectives.<\/p>\n<p>We develop sustainable projects, compatible with the characteristics and strategies desired. Besides being profitable, all are flexible, innovative, and unique in their presentation.<\/p>\n<\/div><\/section><\/div>\n\n<\/div><\/div><\/div><!-- close content main div --><\/div><\/div><div id='av_section_4'  class='avia-section main_color avia-section-default avia-no-border-styling  avia-bg-style-scroll  avia-builder-el-14  el_after_av_section  el_before_av_section  section-etapas  container_wrap fullsize' style=' '  ><div class='container' ><div class='template-page content  av-content-full alpha units'><div class='post-entry post-entry-type-page post-entry-909'><div class='entry-content-wrapper clearfix'>\n<div  style='padding-bottom:10px; color:#440803;font-size:40px;' class='av-special-heading av-special-heading-h6 custom-color-heading blockquote modern-quote modern-centered  avia-builder-el-15  el_before_av_hr  avia-builder-el-first  av-inherit-size '><h6 class='av-special-heading-tag '  itemprop=\"headline\"  >Know the steps of our consulting:<\/h6><div class='special-heading-border'><div class='special-heading-inner-border' style='border-color:#440803'><\/div><\/div><\/div>\n<div  style='height:50px' class='hr hr-invisible   avia-builder-el-16  el_after_av_heading  el_before_av_one_third '><span class='hr-inner ' ><span class='hr-inner-style'><\/span><\/span><\/div>\n<div class=\"flex_column av_one_third  flex_column_div av-zero-column-padding avia-link-column av-column-link first  avia-builder-el-17  el_after_av_hr  el_before_av_one_third  coluna-etapa \" style='border-radius:0px; ' data-link-column-url=\"https:\/\/amberyadvisors.com\/analise-de-viabilidade\/\" ><a class=\"av-screen-reader-only\" href=https:\/\/amberyadvisors.com\/analise-de-viabilidade\/ >Link to: An\u00e1lise de Viabilidade<\/a><div  class='avia-image-container  av-styling-  noHover  av-overlay-hover-deactivate   avia-builder-el-18  avia-builder-el-no-sibling  img-etapa avia-align-center '  itemprop=\"image\" itemscope=\"itemscope\" itemtype=\"https:\/\/schema.org\/ImageObject\"  ><div class='avia-image-container-inner'><div class='avia-image-overlay-wrap'><div class='av-image-caption-overlay'><div class='av-caption-image-overlay-bg' style='opacity:0.1; background-color:#ffffff; '><\/div><div class='av-image-caption-overlay-position'><div class='av-image-caption-overlay-center' style='color:#ffffff; font-size:26px; '><p>Feasibility analysis<\/p>\n<\/div><\/div><\/div><img class='wp-image-409 avia-img-lazy-loading-not-409 avia_image' src=\"https:\/\/amberyadvisors.com\/wp-content\/uploads\/2020\/12\/analise-de-viabilidade.png\" alt='M\u00e3os escrevendo em uma prancheta sobre a mesa' title='An\u00e1lise de Viabilidade' height=\"193\" width=\"353\"  itemprop=\"thumbnailUrl\"  \/><\/div><\/div><\/div><\/div><div class=\"flex_column av_one_third  flex_column_div av-zero-column-padding avia-link-column av-column-link   avia-builder-el-19  el_after_av_one_third  el_before_av_one_third  coluna-etapa \" style='border-radius:0px; ' data-link-column-url=\"https:\/\/amberyadvisors.com\/conceito\/\" ><a class=\"av-screen-reader-only\" href=https:\/\/amberyadvisors.com\/conceito\/ >Link to: Conceito<\/a><div  class='avia-image-container  av-styling-  noHover  av-overlay-hover-deactivate   avia-builder-el-20  avia-builder-el-no-sibling  img-etapa avia-align-center '  itemprop=\"image\" itemscope=\"itemscope\" itemtype=\"https:\/\/schema.org\/ImageObject\"  ><div class='avia-image-container-inner'><div class='avia-image-overlay-wrap'><div class='av-image-caption-overlay'><div class='av-caption-image-overlay-bg' style='opacity:0.1; background-color:#ffffff; '><\/div><div class='av-image-caption-overlay-position'><div class='av-image-caption-overlay-center' style='color:#ffffff; font-size:26px; '><p>Concept<\/p>\n<\/div><\/div><\/div><img class='wp-image-410 avia-img-lazy-loading-not-410 avia_image' src=\"https:\/\/amberyadvisors.com\/wp-content\/uploads\/2020\/12\/conceito.png\" alt='Interior de sauna revestido com madeira clara' title='Conceito' height=\"193\" width=\"353\"  itemprop=\"thumbnailUrl\"  \/><\/div><\/div><\/div><\/div><div class=\"flex_column av_one_third  flex_column_div av-zero-column-padding avia-link-column av-column-link   avia-builder-el-21  el_after_av_one_third  el_before_av_one_third  coluna-etapa \" style='border-radius:0px; ' data-link-column-url=\"https:\/\/amberyadvisors.com\/design\/\" ><a class=\"av-screen-reader-only\" href=https:\/\/amberyadvisors.com\/design\/ >Link to: Design<\/a><div  class='avia-image-container  av-styling-  noHover  av-overlay-hover-deactivate   avia-builder-el-22  avia-builder-el-no-sibling  img-etapa avia-align-center '  itemprop=\"image\" itemscope=\"itemscope\" itemtype=\"https:\/\/schema.org\/ImageObject\"  ><div class='avia-image-container-inner'><div class='avia-image-overlay-wrap'><div class='av-image-caption-overlay'><div class='av-caption-image-overlay-bg' style='opacity:0.1; background-color:#ffffff; '><\/div><div class='av-image-caption-overlay-position'><div class='av-image-caption-overlay-center' style='color:#ffffff; font-size:26px; '><p>Design<\/p>\n<\/div><\/div><\/div><img class='wp-image-412 avia-img-lazy-loading-not-412 avia_image' src=\"https:\/\/amberyadvisors.com\/wp-content\/uploads\/2020\/12\/design.png\" alt='\u00c1rea reservada com poltronas dentro de uma piscina' title='Design' height=\"193\" width=\"353\"  itemprop=\"thumbnailUrl\"  \/><\/div><\/div><\/div><\/div><div class=\"flex_column av_one_third  flex_column_div av-zero-column-padding avia-link-column av-column-link first  avia-builder-el-23  el_after_av_one_third  el_before_av_one_third  coluna-etapa column-top-margin\" style='border-radius:0px; ' data-link-column-url=\"https:\/\/amberyadvisors.com\/desenvolvimento\/\" ><a class=\"av-screen-reader-only\" href=https:\/\/amberyadvisors.com\/desenvolvimento\/ >Link to: Desenvolvimento<\/a><div  class='avia-image-container  av-styling-  noHover  av-overlay-hover-deactivate   avia-builder-el-24  avia-builder-el-no-sibling  img-etapa avia-align-center '  itemprop=\"image\" itemscope=\"itemscope\" itemtype=\"https:\/\/schema.org\/ImageObject\"  ><div class='avia-image-container-inner'><div class='avia-image-overlay-wrap'><div class='av-image-caption-overlay'><div class='av-caption-image-overlay-bg' style='opacity:0.1; background-color:#ffffff; '><\/div><div class='av-image-caption-overlay-position'><div class='av-image-caption-overlay-center' style='color:#ffffff; font-size:26px; '><p>Development<\/p>\n<\/div><\/div><\/div><img class='wp-image-411 avia-img-lazy-loading-not-411 avia_image' src=\"https:\/\/amberyadvisors.com\/wp-content\/uploads\/2020\/12\/desenvolvimento.png\" alt='M\u00e3o acomodando uma pedra pequena em uma pilha de pedras' title='Desenvolvimento' height=\"193\" width=\"353\"  itemprop=\"thumbnailUrl\"  \/><\/div><\/div><\/div><\/div><div class=\"flex_column av_one_third  flex_column_div av-zero-column-padding avia-link-column av-column-link   avia-builder-el-25  el_after_av_one_third  el_before_av_one_third  coluna-etapa column-top-margin\" style='border-radius:0px; ' data-link-column-url=\"https:\/\/amberyadvisors.com\/recrutamento-e-formacao\/\" ><a class=\"av-screen-reader-only\" href=https:\/\/amberyadvisors.com\/recrutamento-e-formacao\/ >Link to: Recrutamento e Forma\u00e7\u00e3o<\/a><div  class='avia-image-container  av-styling-  noHover  av-overlay-hover-deactivate   avia-builder-el-26  avia-builder-el-no-sibling  img-etapa avia-align-center '  itemprop=\"image\" itemscope=\"itemscope\" itemtype=\"https:\/\/schema.org\/ImageObject\"  ><div class='avia-image-container-inner'><div class='avia-image-overlay-wrap'><div class='av-image-caption-overlay'><div class='av-caption-image-overlay-bg' style='opacity:0.1; background-color:#ffffff; '><\/div><div class='av-image-caption-overlay-position'><div class='av-image-caption-overlay-center' style='color:#ffffff; font-size:26px; '><p>Recruitment &amp; Training<\/p>\n<\/div><\/div><\/div><img class='wp-image-414 avia-img-lazy-loading-not-414 avia_image' src=\"https:\/\/amberyadvisors.com\/wp-content\/uploads\/2020\/12\/recrutamento-e-formacao.png\" alt='M\u00e3os massageando costas de uma mulher deitada' title='Recrutamento e Forma\u00e7\u00e3o' height=\"193\" width=\"353\"  itemprop=\"thumbnailUrl\"  \/><\/div><\/div><\/div><\/div><div class=\"flex_column av_one_third  flex_column_div av-zero-column-padding avia-link-column av-column-link   avia-builder-el-27  el_after_av_one_third  avia-builder-el-last  coluna-etapa column-top-margin\" style='border-radius:0px; ' data-link-column-url=\"https:\/\/amberyadvisors.com\/pre-opening-e-management\/\" ><a class=\"av-screen-reader-only\" href=https:\/\/amberyadvisors.com\/pre-opening-e-management\/ >Link to: Pr\u00e9-Opening e Management<\/a><div  class='avia-image-container  av-styling-  noHover  av-overlay-hover-deactivate   avia-builder-el-28  avia-builder-el-no-sibling  img-etapa avia-align-center '  itemprop=\"image\" itemscope=\"itemscope\" itemtype=\"https:\/\/schema.org\/ImageObject\"  ><div class='avia-image-container-inner'><div class='avia-image-overlay-wrap'><div class='av-image-caption-overlay'><div class='av-caption-image-overlay-bg' style='opacity:0.1; background-color:#ffffff; '><\/div><div class='av-image-caption-overlay-position'><div class='av-image-caption-overlay-center' style='color:#ffffff; font-size:26px; '><p>Pre-Opening &amp; Management<\/p>\n<\/div><\/div><\/div><img class='wp-image-413 avia-img-lazy-loading-not-413 avia_image' src=\"https:\/\/amberyadvisors.com\/wp-content\/uploads\/2020\/12\/pre-opening-e-management.png\" alt='Homem puxando cordas em um barco a velas' title='Pr\u00e9-Opening &amp; Management' height=\"193\" width=\"353\"  itemprop=\"thumbnailUrl\"  \/><\/div><\/div><\/div><\/div><\/div><\/div><\/div><!-- close content main div --><\/div><\/div><div id='av_section_5'  class='avia-section main_color avia-section-large avia-no-border-styling  avia-bg-style-scroll  avia-builder-el-29  el_after_av_section  el_before_av_section   container_wrap fullsize' style='background-color: #bfb27c;  '  ><div class='container' ><div class='template-page content  av-content-full alpha units'><div class='post-entry post-entry-type-page post-entry-909'><div class='entry-content-wrapper clearfix'>\n<div  style='padding-bottom:10px; color:#ffffff;font-size:72px;' class='av-special-heading av-special-heading-h6 custom-color-heading blockquote modern-quote modern-centered  avia-builder-el-30  el_before_av_hr  avia-builder-el-first  av-inherit-size '><h6 class='av-special-heading-tag  av-medium-font-size-overwrite av-medium-font-size-67 av-small-font-size-overwrite av-small-font-size-60 av-mini-font-size-overwrite av-mini-font-size-55'  itemprop=\"headline\"  >DISCOVER OUR SERVICES<\/h6><div class='special-heading-border'><div class='special-heading-inner-border' style='border-color:#ffffff'><\/div><\/div><\/div>\n<div  style='height:20px' class='hr hr-invisible   avia-builder-el-31  el_after_av_heading  el_before_av_one_fifth '><span class='hr-inner ' ><span class='hr-inner-style'><\/span><\/span><\/div>\n<div class=\"flex_column av_one_fifth  flex_column_div av-zero-column-padding first  avia-builder-el-32  el_after_av_hr  el_before_av_three_fifth  \" style='border-radius:0px; '><\/div><div class=\"flex_column av_three_fifth  flex_column_div av-zero-column-padding   avia-builder-el-33  el_after_av_one_fifth  el_before_av_one_fifth  \" style='border-radius:0px; '><section class=\"av_textblock_section \"  itemscope=\"itemscope\" itemtype=\"https:\/\/schema.org\/CreativeWork\" ><div class='avia_textblock  '   itemprop=\"text\" ><p style=\"text-align: center;\"><span style=\"color: #ffffff;\">We offer complete solutions for the creation and restoration of SPAs, working in all stages of the project, from a feasibility analysis to post-opening management.<\/span><\/p>\n<\/div><\/section><\/div><div class=\"flex_column av_one_fifth  flex_column_div av-zero-column-padding   avia-builder-el-35  el_after_av_three_fifth  el_before_av_hr  \" style='border-radius:0px; '><\/div><div  style='height:230px' class='hr hr-invisible   avia-builder-el-36  el_after_av_one_fifth  avia-builder-el-last '><span class='hr-inner ' ><span class='hr-inner-style'><\/span><\/span><\/div>\n<\/div><\/div><\/div><!-- close content main div --><\/div><\/div><div id='av_section_6'  class='avia-section main_color avia-section-default avia-no-border-styling  avia-bg-style-scroll  avia-builder-el-37  el_after_av_section  avia-builder-el-last  section-cards-sobre  container_wrap fullsize' style='background-color: #ffffff;  '  ><div class='container' ><div class='template-page content  av-content-full alpha units'><div class='post-entry post-entry-type-page post-entry-909'><div class='entry-content-wrapper clearfix'>\n<div class=\"flex_column av_one_third  flex_column_div av-zero-column-padding first  avia-builder-el-38  el_before_av_one_third  avia-builder-el-first  card-sobre-1 \" style='background:url(https:\/\/amberyadvisors.com\/wp-content\/uploads\/2020\/12\/card-criacao-de-spas-1.jpg) center center no-repeat ; border-radius:0px; '><p><div  style='height:213px' class='hr hr-invisible   avia-builder-el-39  el_before_av_textblock  avia-builder-el-first '><span class='hr-inner ' ><span class='hr-inner-style'><\/span><\/span><\/div><br \/>\n<section class=\"av_textblock_section \"  itemscope=\"itemscope\" itemtype=\"https:\/\/schema.org\/CreativeWork\" ><div class='avia_textblock  '   itemprop=\"text\" ><h3 style=\"text-align: center;\"><span style=\"color: #ffffff;\">SPA CREATION<\/span><\/h3>\n<\/div><\/section><br \/>\n<div  style='height:20px' class='hr hr-invisible   avia-builder-el-41  el_after_av_textblock  el_before_av_button '><span class='hr-inner ' ><span class='hr-inner-style'><\/span><\/span><\/div><br \/>\n<div  class='avia-button-wrap avia-button-center  avia-builder-el-42  el_after_av_hr  el_before_av_hr ' ><a href='https:\/\/amberyadvisors.com\/en\/spa-creation\/'  class='avia-button  avia-color-light   avia-icon_select-no avia-size-large avia-position-center '   ><span class='avia_iconbox_title' >Learn more<\/span><\/a><\/div><br \/>\n<div  style='height:213px' class='hr hr-invisible   avia-builder-el-43  el_after_av_button  avia-builder-el-last '><span class='hr-inner ' ><span class='hr-inner-style'><\/span><\/span><\/div><\/p><\/div><div class=\"flex_column av_one_third  flex_column_div av-zero-column-padding   avia-builder-el-44  el_after_av_one_third  el_before_av_one_third  card-sobre-2 \" style='background:url(https:\/\/amberyadvisors.com\/wp-content\/uploads\/2020\/12\/card-reabilitacao-de-spas-1.jpg) center center no-repeat ; border-radius:0px; '><p><div  style='height:213px' class='hr hr-invisible   avia-builder-el-45  el_before_av_textblock  avia-builder-el-first '><span class='hr-inner ' ><span class='hr-inner-style'><\/span><\/span><\/div><br \/>\n<section class=\"av_textblock_section \"  itemscope=\"itemscope\" itemtype=\"https:\/\/schema.org\/CreativeWork\" ><div class='avia_textblock  '   itemprop=\"text\" ><h3 style=\"text-align: center;\"><span style=\"color: #ffffff;\">SPA RENOVATION<\/span><\/h3>\n<\/div><\/section><br \/>\n<div  style='height:20px' class='hr hr-invisible   avia-builder-el-47  el_after_av_textblock  el_before_av_button '><span class='hr-inner ' ><span class='hr-inner-style'><\/span><\/span><\/div><br \/>\n<div  class='avia-button-wrap avia-button-center  avia-builder-el-48  el_after_av_hr  el_before_av_hr ' ><a href='https:\/\/amberyadvisors.com\/en\/spa-renovation\/'  class='avia-button  avia-color-light   avia-icon_select-no avia-size-large avia-position-center '   ><span class='avia_iconbox_title' >Learn more<\/span><\/a><\/div><br \/>\n<div  style='height:213px' class='hr hr-invisible   avia-builder-el-49  el_after_av_button  avia-builder-el-last '><span class='hr-inner ' ><span class='hr-inner-style'><\/span><\/span><\/div><\/p><\/div><div class=\"flex_column av_one_third  flex_column_div av-zero-column-padding   avia-builder-el-50  el_after_av_one_third  avia-builder-el-last  card-sobre-3 \" style='background:url(https:\/\/amberyadvisors.com\/wp-content\/uploads\/2020\/12\/card-representacao-de-produtos-1.jpg) center center no-repeat ; border-radius:0px; '><p><div  style='height:213px' class='hr hr-invisible   avia-builder-el-51  el_before_av_textblock  avia-builder-el-first '><span class='hr-inner ' ><span class='hr-inner-style'><\/span><\/span><\/div><br \/>\n<section class=\"av_textblock_section \"  itemscope=\"itemscope\" itemtype=\"https:\/\/schema.org\/CreativeWork\" ><div class='avia_textblock  '   itemprop=\"text\" ><h3 style=\"text-align: center;\"><span style=\"color: #ffffff;\">PRODUCTS<\/span><\/h3>\n<\/div><\/section><br \/>\n<div  style='height:20px' class='hr hr-invisible   avia-builder-el-53  el_after_av_textblock  el_before_av_button '><span class='hr-inner ' ><span class='hr-inner-style'><\/span><\/span><\/div><br \/>\n<div  class='avia-button-wrap avia-button-center  avia-builder-el-54  el_after_av_hr  el_before_av_hr ' ><a href='https:\/\/amberyadvisors.com\/en\/spa-products\/'  class='avia-button  avia-color-light   avia-icon_select-no avia-size-large avia-position-center '   ><span class='avia_iconbox_title' >Learn more<\/span><\/a><\/div><br \/>\n<div  style='height:213px' class='hr hr-invisible   avia-builder-el-55  el_after_av_button  avia-builder-el-last '><span class='hr-inner ' ><span class='hr-inner-style'><\/span><\/span><\/div><\/p><\/div><\/p>\n","protected":false},"excerpt":{"rendered":"","protected":false},"author":1,"featured_media":0,"parent":0,"menu_order":0,"comment_status":"closed","ping_status":"closed","template":"","meta":[],"_links":{"self":[{"href":"https:\/\/amberyadvisors.com\/en\/wp-json\/wp\/v2\/pages\/909"}],"collection":[{"href":"https:\/\/amberyadvisors.com\/en\/wp-json\/wp\/v2\/pages"}],"about":[{"href":"https:\/\/amberyadvisors.com\/en\/wp-json\/wp\/v2\/types\/page"}],"author":[{"embeddable":true,"href":"https:\/\/amberyadvisors.com\/en\/wp-json\/wp\/v2\/users\/1"}],"replies":[{"embeddable":true,"href":"https:\/\/amberyadvisors.com\/en\/wp-json\/wp\/v2\/comments?post=909"}],"version-history":[{"count":15,"href":"https:\/\/amberyadvisors.com\/en\/wp-json\/wp\/v2\/pages\/909\/revisions"}],"predecessor-version":[{"id":1076,"href":"https:\/\/amberyadvisors.com\/en\/wp-json\/wp\/v2\/pages\/909\/revisions\/1076"}],"wp:attachment":[{"href":"https:\/\/amberyadvisors.com\/en\/wp-json\/wp\/v2\/media?parent=909"}],"curies":[{"name":"wp","href":"https:\/\/api.w.org\/{rel}","templated":true}]}}