{"id":990,"date":"2021-01-09T16:04:52","date_gmt":"2021-01-09T19:04:52","guid":{"rendered":"https:\/\/amberyadvisors.com\/feasibility-analysis\/"},"modified":"2021-01-09T16:04:52","modified_gmt":"2021-01-09T19:04:52","slug":"feasibility-analysis","status":"publish","type":"page","link":"https:\/\/amberyadvisors.com\/en\/feasibility-analysis\/","title":{"rendered":"Feasibility analysis"},"content":{"rendered":"<div id='av_section_1'  class='avia-section main_color avia-section-default avia-no-border-styling  avia-full-stretch av-section-color-overlay-active avia-bg-style-scroll  avia-builder-el-0  el_before_av_section  avia-builder-el-first   av-small-hide av-mini-hide av-minimum-height av-minimum-height-100  container_wrap fullsize' style='background-color: #ffffff; background-repeat: no-repeat; background-image: url(https:\/\/amberyadvisors.com\/wp-content\/uploads\/2020\/12\/analise-de-viabilidade-1.jpg);background-attachment: scroll; background-position: center center;  '  data-section-bg-repeat='stretch' data-av_minimum_height_pc='100'><div class='av-section-color-overlay-wrap'><div class='av-section-color-overlay' style='opacity: 0.3; background-color: #000000; '><\/div><div class='container' ><main  role=\"main\" itemprop=\"mainContentOfPage\"  class='template-page content  av-content-full alpha units'><div class='post-entry post-entry-type-page post-entry-990'><div class='entry-content-wrapper clearfix'>\n<div  style='padding-bottom:10px; color:#ffffff;font-size:110px;' class='av-special-heading av-special-heading-h6 custom-color-heading blockquote modern-quote modern-centered  avia-builder-el-1  avia-builder-el-no-sibling  av-inherit-size '><h6 class='av-special-heading-tag '  itemprop=\"headline\"  >Feasibility analysis<\/h6><div class='special-heading-border'><div class='special-heading-inner-border' style='border-color:#ffffff'><\/div><\/div><\/div>\n\n<\/div><\/div><\/main><!-- close content main element --><\/div><\/div><\/div><div id='av_section_2'  class='avia-section main_color avia-section-default avia-no-border-styling  avia-full-stretch av-section-color-overlay-active avia-bg-style-scroll  avia-builder-el-2  el_after_av_section  el_before_av_section   av-desktop-hide av-medium-hide av-minimum-height av-minimum-height-100  container_wrap fullsize' style='background-color: #ffffff; background-repeat: no-repeat; background-image: url(https:\/\/amberyadvisors.com\/wp-content\/uploads\/2020\/12\/analise-de-viabilidade-mob.jpg);background-attachment: scroll; background-position: center center;  '  data-section-bg-repeat='stretch' data-av_minimum_height_pc='100'><div class='av-section-color-overlay-wrap'><div class='av-section-color-overlay' style='opacity: 0.3; background-color: #000000; '><\/div><div class='container' ><div class='template-page content  av-content-full alpha units'><div class='post-entry post-entry-type-page post-entry-990'><div class='entry-content-wrapper clearfix'>\n<div  style='padding-bottom:10px; color:#ffffff;' class='av-special-heading av-special-heading-h6 custom-color-heading blockquote modern-quote modern-centered  avia-builder-el-3  avia-builder-el-no-sibling  '><h6 class='av-special-heading-tag  av-small-font-size-overwrite av-small-font-size-60 av-mini-font-size-overwrite av-mini-font-size-60'  itemprop=\"headline\"  >Feasibility analysis<\/h6><div class='special-heading-border'><div class='special-heading-inner-border' style='border-color:#ffffff'><\/div><\/div><\/div>\n\n<\/div><\/div><\/div><!-- close content main div --><\/div><\/div><\/div><div id='av_section_3'  class='avia-section main_color avia-section-no-padding avia-no-border-styling  avia-bg-style-scroll  avia-builder-el-4  el_after_av_section  el_before_av_section  background-viabilidade  av-minimum-height av-minimum-height-custom  container_wrap fullsize' style='background-color: rgba(255,255,255,0.0); background-repeat: no-repeat; background-image: url(https:\/\/amberyadvisors.com\/wp-content\/uploads\/2020\/12\/background-ambery-spa-advisors.png);background-attachment: scroll; background-position: center center;  '  data-section-bg-repeat='no-repeat'><div class='container' style='height:804px'><div class='template-page content  av-content-full alpha units'><div class='post-entry post-entry-type-page post-entry-990'><div class='entry-content-wrapper clearfix'>\n<div class=\"flex_column av_one_half  flex_column_div av-zero-column-padding first  avia-builder-el-5  el_before_av_one_half  avia-builder-el-first  coluna-1-etapas \" style='border-radius:0px; '><section class=\"av_textblock_section \"  itemscope=\"itemscope\" itemtype=\"https:\/\/schema.org\/CreativeWork\" ><div class='avia_textblock  '   itemprop=\"text\" ><p><span style=\"color: #ffffff;\">Accurate information is vital for the development of a SPA. A feasibility study will definitely guide the decisions for the next steps of the project.<\/span><\/p>\n<\/div><\/section><\/div><div class=\"flex_column av_one_half  flex_column_div av-zero-column-padding   avia-builder-el-7  el_after_av_one_half  el_before_av_one_half  \" style='border-radius:0px; '><\/div><div class=\"flex_column av_one_half  flex_column_div av-zero-column-padding first  avia-builder-el-8  el_after_av_one_half  el_before_av_one_half  column-top-margin\" style='border-radius:0px; '><section class=\"av_textblock_section \"  itemscope=\"itemscope\" itemtype=\"https:\/\/schema.org\/CreativeWork\" ><div class='avia_textblock  '   itemprop=\"text\" ><p>Development of a comprehensive study for the opening or renovation of a space, with a focus on quality and projected financial results.<\/p>\n<p>Taking into account the location, the facilities and the target guest, we guide our clients in their decisions, so that they are the most appropriate, viable, and consistent.<\/p>\n<\/div><\/section><\/div><div class=\"flex_column av_one_half  flex_column_div av-zero-column-padding   avia-builder-el-10  el_after_av_one_half  avia-builder-el-last  column-top-margin\" style='border-radius:0px; '><section class=\"av_textblock_section \"  itemscope=\"itemscope\" itemtype=\"https:\/\/schema.org\/CreativeWork\" ><div class='avia_textblock  '   itemprop=\"text\" ><p><span style=\"color: #440803;\"><strong>The scope of this step includes:<\/strong><\/span><\/p>\n<ul>\n<li>Geographic evaluation;<\/li>\n<li>Architectural feasibility;<\/li>\n<li>Competitive analysis;<\/li>\n<li>Availability of local labor;<\/li>\n<li>Investment estimate.<\/li>\n<\/ul>\n<\/div><\/section><\/div><\/div><\/div><\/div><!-- close content main div --><\/div><\/div><div id='av_section_4'  class='avia-section main_color avia-section-default avia-no-border-styling  avia-bg-style-scroll  avia-builder-el-12  el_after_av_section  avia-builder-el-last  section-etapas  container_wrap fullsize' style='background-color: #fcfcfc;  '  ><div class='container' ><div class='template-page content  av-content-full alpha units'><div class='post-entry post-entry-type-page post-entry-990'><div class='entry-content-wrapper clearfix'>\n<div  style='padding-bottom:10px; color:#440803;font-size:40px;' class='av-special-heading av-special-heading-h6 custom-color-heading blockquote modern-quote modern-centered  avia-builder-el-13  el_before_av_hr  avia-builder-el-first  av-inherit-size '><h6 class='av-special-heading-tag '  itemprop=\"headline\"  >Know the steps<\/br>of our consulting:<\/h6><div class='special-heading-border'><div class='special-heading-inner-border' style='border-color:#440803'><\/div><\/div><\/div>\n<div  style='height:50px' class='hr hr-invisible   avia-builder-el-14  el_after_av_heading  el_before_av_one_third '><span class='hr-inner ' ><span class='hr-inner-style'><\/span><\/span><\/div>\n<div class=\"flex_column av_one_third  flex_column_div av-zero-column-padding avia-link-column av-column-link first  avia-builder-el-15  el_after_av_hr  el_before_av_one_third  coluna-etapa \" style='border-radius:0px; ' data-link-column-url=\"https:\/\/amberyadvisors.com\/analise-de-viabilidade\/\" ><a class=\"av-screen-reader-only\" href=https:\/\/amberyadvisors.com\/analise-de-viabilidade\/ >Link to: An\u00e1lise de Viabilidade<\/a><div  class='avia-image-container  av-styling-  noHover  av-overlay-hover-deactivate   avia-builder-el-16  avia-builder-el-no-sibling  img-etapa avia-align-center '  itemprop=\"image\" itemscope=\"itemscope\" itemtype=\"https:\/\/schema.org\/ImageObject\"  ><div class='avia-image-container-inner'><div class='avia-image-overlay-wrap'><div class='av-image-caption-overlay'><div class='av-caption-image-overlay-bg' style='opacity:0.1; background-color:#ffffff; '><\/div><div class='av-image-caption-overlay-position'><div class='av-image-caption-overlay-center' style='color:#ffffff; font-size:26px; '><p>Feasibility analysis<\/p>\n<\/div><\/div><\/div><img class='wp-image-409 avia-img-lazy-loading-not-409 avia_image' src=\"https:\/\/amberyadvisors.com\/wp-content\/uploads\/2020\/12\/analise-de-viabilidade.png\" alt='M\u00e3os escrevendo em uma prancheta sobre a mesa' title='An\u00e1lise de Viabilidade' height=\"193\" width=\"353\"  itemprop=\"thumbnailUrl\"  \/><\/div><\/div><\/div><\/div><div class=\"flex_column av_one_third  flex_column_div av-zero-column-padding avia-link-column av-column-link   avia-builder-el-17  el_after_av_one_third  el_before_av_one_third  coluna-etapa \" style='border-radius:0px; ' data-link-column-url=\"https:\/\/amberyadvisors.com\/conceito\/\" ><a class=\"av-screen-reader-only\" href=https:\/\/amberyadvisors.com\/conceito\/ >Link to: Conceito<\/a><div  class='avia-image-container  av-styling-  noHover  av-overlay-hover-deactivate   avia-builder-el-18  avia-builder-el-no-sibling  img-etapa avia-align-center '  itemprop=\"image\" itemscope=\"itemscope\" itemtype=\"https:\/\/schema.org\/ImageObject\"  ><div class='avia-image-container-inner'><div class='avia-image-overlay-wrap'><div class='av-image-caption-overlay'><div class='av-caption-image-overlay-bg' style='opacity:0.1; background-color:#ffffff; '><\/div><div class='av-image-caption-overlay-position'><div class='av-image-caption-overlay-center' style='color:#ffffff; font-size:26px; '><p>Concept<\/p>\n<\/div><\/div><\/div><img class='wp-image-410 avia-img-lazy-loading-not-410 avia_image' src=\"https:\/\/amberyadvisors.com\/wp-content\/uploads\/2020\/12\/conceito.png\" alt='Interior de sauna revestido com madeira clara' title='Conceito' height=\"193\" width=\"353\"  itemprop=\"thumbnailUrl\"  \/><\/div><\/div><\/div><\/div><div class=\"flex_column av_one_third  flex_column_div av-zero-column-padding avia-link-column av-column-link   avia-builder-el-19  el_after_av_one_third  el_before_av_one_third  coluna-etapa \" style='border-radius:0px; ' data-link-column-url=\"https:\/\/amberyadvisors.com\/design\/\" ><a class=\"av-screen-reader-only\" href=https:\/\/amberyadvisors.com\/design\/ >Link to: Design<\/a><div  class='avia-image-container  av-styling-  noHover  av-overlay-hover-deactivate   avia-builder-el-20  avia-builder-el-no-sibling  img-etapa avia-align-center '  itemprop=\"image\" itemscope=\"itemscope\" itemtype=\"https:\/\/schema.org\/ImageObject\"  ><div class='avia-image-container-inner'><div class='avia-image-overlay-wrap'><div class='av-image-caption-overlay'><div class='av-caption-image-overlay-bg' style='opacity:0.1; background-color:#ffffff; '><\/div><div class='av-image-caption-overlay-position'><div class='av-image-caption-overlay-center' style='color:#ffffff; font-size:26px; '><p>Design<\/p>\n<\/div><\/div><\/div><img class='wp-image-412 avia-img-lazy-loading-not-412 avia_image' src=\"https:\/\/amberyadvisors.com\/wp-content\/uploads\/2020\/12\/design.png\" alt='\u00c1rea reservada com poltronas dentro de uma piscina' title='Design' height=\"193\" width=\"353\"  itemprop=\"thumbnailUrl\"  \/><\/div><\/div><\/div><\/div><div class=\"flex_column av_one_third  flex_column_div av-zero-column-padding avia-link-column av-column-link first  avia-builder-el-21  el_after_av_one_third  el_before_av_one_third  coluna-etapa column-top-margin\" style='border-radius:0px; ' data-link-column-url=\"https:\/\/amberyadvisors.com\/desenvolvimento\/\" ><a class=\"av-screen-reader-only\" href=https:\/\/amberyadvisors.com\/desenvolvimento\/ >Link to: Desenvolvimento<\/a><div  class='avia-image-container  av-styling-  noHover  av-overlay-hover-deactivate   avia-builder-el-22  avia-builder-el-no-sibling  img-etapa avia-align-center '  itemprop=\"image\" itemscope=\"itemscope\" itemtype=\"https:\/\/schema.org\/ImageObject\"  ><div class='avia-image-container-inner'><div class='avia-image-overlay-wrap'><div class='av-image-caption-overlay'><div class='av-caption-image-overlay-bg' style='opacity:0.1; background-color:#ffffff; '><\/div><div class='av-image-caption-overlay-position'><div class='av-image-caption-overlay-center' style='color:#ffffff; font-size:26px; '><p>Development<\/p>\n<\/div><\/div><\/div><img class='wp-image-411 avia-img-lazy-loading-not-411 avia_image' src=\"https:\/\/amberyadvisors.com\/wp-content\/uploads\/2020\/12\/desenvolvimento.png\" alt='M\u00e3o acomodando uma pedra pequena em uma pilha de pedras' title='Desenvolvimento' height=\"193\" width=\"353\"  itemprop=\"thumbnailUrl\"  \/><\/div><\/div><\/div><\/div><div class=\"flex_column av_one_third  flex_column_div av-zero-column-padding avia-link-column av-column-link   avia-builder-el-23  el_after_av_one_third  el_before_av_one_third  coluna-etapa column-top-margin\" style='border-radius:0px; ' data-link-column-url=\"https:\/\/amberyadvisors.com\/recrutamento-e-formacao\/\" ><a class=\"av-screen-reader-only\" href=https:\/\/amberyadvisors.com\/recrutamento-e-formacao\/ >Link to: Recrutamento e Forma\u00e7\u00e3o<\/a><div  class='avia-image-container  av-styling-  noHover  av-overlay-hover-deactivate   avia-builder-el-24  avia-builder-el-no-sibling  img-etapa avia-align-center '  itemprop=\"image\" itemscope=\"itemscope\" itemtype=\"https:\/\/schema.org\/ImageObject\"  ><div class='avia-image-container-inner'><div class='avia-image-overlay-wrap'><div class='av-image-caption-overlay'><div class='av-caption-image-overlay-bg' style='opacity:0.1; background-color:#ffffff; '><\/div><div class='av-image-caption-overlay-position'><div class='av-image-caption-overlay-center' style='color:#ffffff; font-size:26px; '><p>Recruitment &amp; Training<\/p>\n<\/div><\/div><\/div><img class='wp-image-414 avia-img-lazy-loading-not-414 avia_image' src=\"https:\/\/amberyadvisors.com\/wp-content\/uploads\/2020\/12\/recrutamento-e-formacao.png\" alt='M\u00e3os massageando costas de uma mulher deitada' title='Recrutamento e Forma\u00e7\u00e3o' height=\"193\" width=\"353\"  itemprop=\"thumbnailUrl\"  \/><\/div><\/div><\/div><\/div><div class=\"flex_column av_one_third  flex_column_div av-zero-column-padding avia-link-column av-column-link   avia-builder-el-25  el_after_av_one_third  avia-builder-el-last  coluna-etapa column-top-margin\" style='border-radius:0px; ' data-link-column-url=\"https:\/\/amberyadvisors.com\/pre-opening-e-management\/\" ><a class=\"av-screen-reader-only\" href=https:\/\/amberyadvisors.com\/pre-opening-e-management\/ >Link to: Pr\u00e9-Opening e Management<\/a><div  class='avia-image-container  av-styling-  noHover  av-overlay-hover-deactivate   avia-builder-el-26  avia-builder-el-no-sibling  img-etapa avia-align-center '  itemprop=\"image\" itemscope=\"itemscope\" itemtype=\"https:\/\/schema.org\/ImageObject\"  ><div class='avia-image-container-inner'><div class='avia-image-overlay-wrap'><div class='av-image-caption-overlay'><div class='av-caption-image-overlay-bg' style='opacity:0.1; background-color:#ffffff; '><\/div><div class='av-image-caption-overlay-position'><div class='av-image-caption-overlay-center' style='color:#ffffff; font-size:26px; '><p>Pre-Opening &amp; Management<\/p>\n<\/div><\/div><\/div><img class='wp-image-413 avia-img-lazy-loading-not-413 avia_image' src=\"https:\/\/amberyadvisors.com\/wp-content\/uploads\/2020\/12\/pre-opening-e-management.png\" alt='Homem puxando cordas em um barco a velas' title='Pr\u00e9-Opening &amp; Management' height=\"193\" width=\"353\"  itemprop=\"thumbnailUrl\"  \/><\/div><\/div><\/div><\/div>\n<\/p>\n","protected":false},"excerpt":{"rendered":"","protected":false},"author":1,"featured_media":0,"parent":0,"menu_order":0,"comment_status":"closed","ping_status":"closed","template":"","meta":[],"_links":{"self":[{"href":"https:\/\/amberyadvisors.com\/en\/wp-json\/wp\/v2\/pages\/990"}],"collection":[{"href":"https:\/\/amberyadvisors.com\/en\/wp-json\/wp\/v2\/pages"}],"about":[{"href":"https:\/\/amberyadvisors.com\/en\/wp-json\/wp\/v2\/types\/page"}],"author":[{"embeddable":true,"href":"https:\/\/amberyadvisors.com\/en\/wp-json\/wp\/v2\/users\/1"}],"replies":[{"embeddable":true,"href":"https:\/\/amberyadvisors.com\/en\/wp-json\/wp\/v2\/comments?post=990"}],"version-history":[{"count":2,"href":"https:\/\/amberyadvisors.com\/en\/wp-json\/wp\/v2\/pages\/990\/revisions"}],"predecessor-version":[{"id":992,"href":"https:\/\/amberyadvisors.com\/en\/wp-json\/wp\/v2\/pages\/990\/revisions\/992"}],"wp:attachment":[{"href":"https:\/\/amberyadvisors.com\/en\/wp-json\/wp\/v2\/media?parent=990"}],"curies":[{"name":"wp","href":"https:\/\/api.w.org\/{rel}","templated":true}]}}